{"id":8972,"date":"2024-10-21T09:14:40","date_gmt":"2024-10-21T09:14:40","guid":{"rendered":"https:\/\/debabarrenaturismo.com\/patrimonio\/"},"modified":"2025-02-14T10:30:31","modified_gmt":"2025-02-14T10:30:31","slug":"patrimonio","status":"publish","type":"page","link":"https:\/\/debabarrenaturismo.com\/fr\/patrimoine\/","title":{"rendered":"Patrimoine"},"content":{"rendered":"\t\t<div data-elementor-type=\"wp-page\" data-elementor-id=\"8972\" class=\"elementor elementor-8972 elementor-2843\" data-elementor-post-type=\"page\">\n\t\t\t\t<div class=\"elementor-element elementor-element-a79128c e-flex e-con-boxed e-con e-parent\" data-id=\"a79128c\" data-element_type=\"container\" data-settings=\"{&quot;background_background&quot;:&quot;video&quot;,&quot;background_video_link&quot;:&quot;https:\\\/\\\/www.youtube.com\\\/watch?v=ISM2a5advdk&quot;,&quot;background_video_start&quot;:5,&quot;background_video_end&quot;:29,&quot;background_play_on_mobile&quot;:&quot;yes&quot;}\">\n\t\t\t\t\t<div class=\"e-con-inner\">\n\t\t<div class=\"elementor-background-video-container\" aria-hidden=\"true\">\n\t\t\t\t\t\t\t<div class=\"elementor-background-video-embed\"><\/div>\n\t\t\t\t\t\t<\/div>\t\t<div class=\"elementor-element elementor-element-d7539fc elementor-widget elementor-widget-heading\" data-id=\"d7539fc\" data-element_type=\"widget\" data-widget_type=\"heading.default\">\n\t\t\t\t<div class=\"elementor-widget-container\">\n\t\t\t\t\t<h2 class=\"elementor-heading-title elementor-size-default\">Debabarrena<\/h2>\t\t\t\t<\/div>\n\t\t\t\t<\/div>\n\t\t\t\t<div class=\"elementor-element elementor-element-9446a3c elementor-widget elementor-widget-heading\" data-id=\"9446a3c\" data-element_type=\"widget\" data-widget_type=\"heading.default\">\n\t\t\t\t<div class=\"elementor-widget-container\">\n\t\t\t\t\t<h2 class=\"elementor-heading-title elementor-size-default\">Patrimoine<\/h2>\t\t\t\t<\/div>\n\t\t\t\t<\/div>\n\t\t\t\t\t<\/div>\n\t\t\t\t<\/div>\n\t\t<div class=\"elementor-element elementor-element-bff1d8d e-flex e-con-boxed e-con e-parent\" data-id=\"bff1d8d\" data-element_type=\"container\">\n\t\t\t\t\t<div class=\"e-con-inner\">\n\t\t<div class=\"elementor-element elementor-element-8677d4f e-con-full e-flex e-con e-child\" data-id=\"8677d4f\" data-element_type=\"container\" data-settings=\"{&quot;background_background&quot;:&quot;classic&quot;}\">\n\t\t\t\t<div class=\"elementor-element elementor-element-a71f393 elementor-widget elementor-widget-heading\" data-id=\"a71f393\" data-element_type=\"widget\" data-widget_type=\"heading.default\">\n\t\t\t\t<div class=\"elementor-widget-container\">\n\t\t\t\t\t<h3 class=\"elementor-heading-title elementor-size-default\">Patrimoine du Debabarrena<\/h3>\t\t\t\t<\/div>\n\t\t\t\t<\/div>\n\t\t\t\t<div class=\"elementor-element elementor-element-6cd3329 elementor-widget elementor-widget-text-editor\" data-id=\"6cd3329\" data-element_type=\"widget\" data-widget_type=\"text-editor.default\">\n\t\t\t\t<div class=\"elementor-widget-container\">\n\t\t\t\t\t\t\t\t\t<p>Peintures rupestres, Chemin de Saint-Jacques, \u00e9glises gothiques, centres historiques monumentaux, vaste patrimoine industriel et \u0153uvres d&rsquo;art r\u00e9alis\u00e9es dans la rue.<\/p>\t\t\t\t\t\t\t\t<\/div>\n\t\t\t\t<\/div>\n\t\t\t\t<\/div>\n\t\t<div class=\"elementor-element elementor-element-bd98f8e e-con-full e-flex e-con e-child\" data-id=\"bd98f8e\" data-element_type=\"container\" data-settings=\"{&quot;background_background&quot;:&quot;classic&quot;}\">\n\t\t\t\t<div class=\"elementor-element elementor-element-309bdbc elementor-widget elementor-widget-heading\" data-id=\"309bdbc\" data-element_type=\"widget\" data-widget_type=\"heading.default\">\n\t\t\t\t<div class=\"elementor-widget-container\">\n\t\t\t\t\t<h2 class=\"elementor-heading-title elementor-size-default\">Le patrimoine industriel<\/h2>\t\t\t\t<\/div>\n\t\t\t\t<\/div>\n\t\t\t\t<div class=\"elementor-element elementor-element-775b99f elementor-widget elementor-widget-text-editor\" data-id=\"775b99f\" data-element_type=\"widget\" data-widget_type=\"text-editor.default\">\n\t\t\t\t<div class=\"elementor-widget-container\">\n\t\t\t\t\t\t\t\t\tLe patrimoine industriel du Debabarrena est l&rsquo;une des grandes r\u00e9f\u00e9rences de l&rsquo;histoire industrielle du Pays Basque et l&rsquo;une des caract\u00e9ristiques les plus caract\u00e9ristiques de la r\u00e9gion.\t\t\t\t\t\t\t\t<\/div>\n\t\t\t\t<\/div>\n\t\t\t\t<div class=\"elementor-element elementor-element-d763652 elementor-widget elementor-widget-button\" data-id=\"d763652\" data-element_type=\"widget\" data-widget_type=\"button.default\">\n\t\t\t\t<div class=\"elementor-widget-container\">\n\t\t\t\t\t\t\t\t\t<div class=\"elementor-button-wrapper\">\n\t\t\t\t\t<a class=\"elementor-button elementor-button-link elementor-size-sm\" href=\"https:\/\/debabarrenaturismo.com\/fr\/patrimoine\/patrimoine-industriel\/\">\n\t\t\t\t\t\t<span class=\"elementor-button-content-wrapper\">\n\t\t\t\t\t\t\t\t\t<span class=\"elementor-button-text\">Plus d'informations<\/span>\n\t\t\t\t\t<\/span>\n\t\t\t\t\t<\/a>\n\t\t\t\t<\/div>\n\t\t\t\t\t\t\t\t<\/div>\n\t\t\t\t<\/div>\n\t\t\t\t<\/div>\n\t\t\t\t\t<\/div>\n\t\t\t\t<\/div>\n\t\t<div class=\"elementor-element elementor-element-062d691 e-flex e-con-boxed e-con e-parent\" data-id=\"062d691\" data-element_type=\"container\" data-settings=\"{&quot;background_background&quot;:&quot;slideshow&quot;,&quot;background_slideshow_gallery&quot;:[],&quot;background_slideshow_loop&quot;:&quot;yes&quot;,&quot;background_slideshow_slide_duration&quot;:5000,&quot;background_slideshow_slide_transition&quot;:&quot;fade&quot;,&quot;background_slideshow_transition_duration&quot;:500}\">\n\t\t\t\t\t<div class=\"e-con-inner\">\n\t\t<div class=\"elementor-element elementor-element-791dc84 e-con-full e-flex e-con e-child\" data-id=\"791dc84\" data-element_type=\"container\" data-settings=\"{&quot;background_background&quot;:&quot;slideshow&quot;,&quot;background_slideshow_gallery&quot;:[{&quot;id&quot;:8963,&quot;url&quot;:&quot;https:\\\/\\\/debabarrenaturismo.com\\\/wp-content\\\/uploads\\\/2024\\\/12\\\/20221023_Geoparkea0618.jpg&quot;},{&quot;id&quot;:8959,&quot;url&quot;:&quot;https:\\\/\\\/debabarrenaturismo.com\\\/wp-content\\\/uploads\\\/2024\\\/12\\\/Atxitxin_r_moztuta-1.jpg&quot;},{&quot;id&quot;:8955,&quot;url&quot;:&quot;https:\\\/\\\/debabarrenaturismo.com\\\/wp-content\\\/uploads\\\/2024\\\/12\\\/INHAR-beheko-plaza.jpg&quot;},{&quot;id&quot;:8951,&quot;url&quot;:&quot;https:\\\/\\\/debabarrenaturismo.com\\\/wp-content\\\/uploads\\\/2024\\\/12\\\/Mutriku-53-1.jpg&quot;}],&quot;background_slideshow_slide_duration&quot;:7000,&quot;background_slideshow_loop&quot;:&quot;yes&quot;,&quot;background_slideshow_slide_transition&quot;:&quot;fade&quot;,&quot;background_slideshow_transition_duration&quot;:500}\">\n\t\t<div class=\"elementor-element elementor-element-2225d4b e-con-full e-flex e-con e-child\" data-id=\"2225d4b\" data-element_type=\"container\">\n\t\t\t\t<div class=\"elementor-element elementor-element-5603501 elementor-widget elementor-widget-heading\" data-id=\"5603501\" data-element_type=\"widget\" data-widget_type=\"heading.default\">\n\t\t\t\t<div class=\"elementor-widget-container\">\n\t\t\t\t\t<h2 class=\"elementor-heading-title elementor-size-default\">Le quartier<br> historique<br>de Mutriku\n<\/h2>\t\t\t\t<\/div>\n\t\t\t\t<\/div>\n\t\t\t\t<div class=\"elementor-element elementor-element-7e77d61 elementor-widget elementor-widget-text-editor\" data-id=\"7e77d61\" data-element_type=\"widget\" data-widget_type=\"text-editor.default\">\n\t\t\t\t<div class=\"elementor-widget-container\">\n\t\t\t\t\t\t\t\t\tClass\u00e9 ensemble monumental,\nfl\u00e2ner dans les rues de Mutriku, c\u2019est\nd\u00e9couvrir une grande partie de l\u2019histoire de\nla C\u00f4te Basque. Il se pr\u00eate aussi \u00e0 d\u00e9couvrir\nl\u2019empreinte de personnages illustres tels que\nles navigateurs Cosme Dami\u00e1n Txurruka et\nAntonio Gazta\u00f1eta.\t\t\t\t\t\t\t\t<\/div>\n\t\t\t\t<\/div>\n\t\t\t\t<div class=\"elementor-element elementor-element-dd126be elementor-widget elementor-widget-button\" data-id=\"dd126be\" data-element_type=\"widget\" data-widget_type=\"button.default\">\n\t\t\t\t<div class=\"elementor-widget-container\">\n\t\t\t\t\t\t\t\t\t<div class=\"elementor-button-wrapper\">\n\t\t\t\t\t<a class=\"elementor-button elementor-button-link elementor-size-sm\" href=\"https:\/\/www.mutriku.eus\/fr\/tourisme\/mutriku\/hirigune-historikoa\" target=\"_blank\">\n\t\t\t\t\t\t<span class=\"elementor-button-content-wrapper\">\n\t\t\t\t\t\t\t\t\t<span class=\"elementor-button-text\">Plus d'informations<\/span>\n\t\t\t\t\t<\/span>\n\t\t\t\t\t<\/a>\n\t\t\t\t<\/div>\n\t\t\t\t\t\t\t\t<\/div>\n\t\t\t\t<\/div>\n\t\t\t\t<\/div>\n\t\t\t\t<\/div>\n\t\t<div class=\"elementor-element elementor-element-e2616e8 e-con-full e-flex e-con e-child\" data-id=\"e2616e8\" data-element_type=\"container\" data-settings=\"{&quot;background_background&quot;:&quot;slideshow&quot;,&quot;background_slideshow_gallery&quot;:[{&quot;id&quot;:2881,&quot;url&quot;:&quot;https:\\\/\\\/debabarrenaturismo.com\\\/wp-content\\\/uploads\\\/2024\\\/10\\\/Donejakue-bidea-3.jpg&quot;},{&quot;id&quot;:2885,&quot;url&quot;:&quot;https:\\\/\\\/debabarrenaturismo.com\\\/wp-content\\\/uploads\\\/2024\\\/10\\\/Donejakue-bidea-7.jpg&quot;},{&quot;id&quot;:2889,&quot;url&quot;:&quot;https:\\\/\\\/debabarrenaturismo.com\\\/wp-content\\\/uploads\\\/2024\\\/10\\\/Donejakue-bidea-8.jpg&quot;},{&quot;id&quot;:2893,&quot;url&quot;:&quot;https:\\\/\\\/debabarrenaturismo.com\\\/wp-content\\\/uploads\\\/2024\\\/10\\\/Donejakue-bidea-10.jpg&quot;}],&quot;background_slideshow_loop&quot;:&quot;yes&quot;,&quot;background_slideshow_slide_duration&quot;:5000,&quot;background_slideshow_slide_transition&quot;:&quot;fade&quot;,&quot;background_slideshow_transition_duration&quot;:500}\">\n\t\t<div class=\"elementor-element elementor-element-058cb67 e-con-full e-flex e-con e-child\" data-id=\"058cb67\" data-element_type=\"container\">\n\t\t\t\t<div class=\"elementor-element elementor-element-3a7113b elementor-widget elementor-widget-heading\" data-id=\"3a7113b\" data-element_type=\"widget\" data-widget_type=\"heading.default\">\n\t\t\t\t<div class=\"elementor-widget-container\">\n\t\t\t\t\t<h2 class=\"elementor-heading-title elementor-size-default\">Patrimoine culturel<\/h2>\t\t\t\t<\/div>\n\t\t\t\t<\/div>\n\t\t\t\t<div class=\"elementor-element elementor-element-d84843c elementor-widget elementor-widget-text-editor\" data-id=\"d84843c\" data-element_type=\"widget\" data-widget_type=\"text-editor.default\">\n\t\t\t\t<div class=\"elementor-widget-container\">\n\t\t\t\t\t\t\t\t\tD\u00e9couvrez l&rsquo;histoire de Debabarrena \u00e0 travers son riche patrimoine culturel, o\u00f9 chaque coin de rue et chaque monument renferment leur propre histoire.\t\t\t\t\t\t\t\t<\/div>\n\t\t\t\t<\/div>\n\t\t\t\t<div class=\"elementor-element elementor-element-0eeabfd elementor-widget elementor-widget-button\" data-id=\"0eeabfd\" data-element_type=\"widget\" data-widget_type=\"button.default\">\n\t\t\t\t<div class=\"elementor-widget-container\">\n\t\t\t\t\t\t\t\t\t<div class=\"elementor-button-wrapper\">\n\t\t\t\t\t<a class=\"elementor-button elementor-button-link elementor-size-sm\" href=\"https:\/\/debabarrenaturismo.com\/fr\/patrimoine\/patrimoine-culturel\/\">\n\t\t\t\t\t\t<span class=\"elementor-button-content-wrapper\">\n\t\t\t\t\t\t\t\t\t<span class=\"elementor-button-text\">Plus d'informations<\/span>\n\t\t\t\t\t<\/span>\n\t\t\t\t\t<\/a>\n\t\t\t\t<\/div>\n\t\t\t\t\t\t\t\t<\/div>\n\t\t\t\t<\/div>\n\t\t\t\t<\/div>\n\t\t\t\t<\/div>\n\t\t\t\t\t<\/div>\n\t\t\t\t<\/div>\n\t\t<div class=\"elementor-element elementor-element-d1b676d e-flex e-con-boxed e-con e-parent\" data-id=\"d1b676d\" data-element_type=\"container\" data-settings=\"{&quot;background_background&quot;:&quot;slideshow&quot;,&quot;background_slideshow_gallery&quot;:[{&quot;id&quot;:2902,&quot;url&quot;:&quot;https:\\\/\\\/debabarrenaturismo.com\\\/wp-content\\\/uploads\\\/2024\\\/10\\\/Erakusketa-5.jpg&quot;},{&quot;id&quot;:2910,&quot;url&quot;:&quot;https:\\\/\\\/debabarrenaturismo.com\\\/wp-content\\\/uploads\\\/2024\\\/10\\\/nautilus.jpg&quot;},{&quot;id&quot;:2906,&quot;url&quot;:&quot;https:\\\/\\\/debabarrenaturismo.com\\\/wp-content\\\/uploads\\\/2024\\\/10\\\/Erakusketa-10.jpg&quot;}],&quot;background_slideshow_lazyload&quot;:&quot;yes&quot;,&quot;background_slideshow_ken_burns&quot;:&quot;yes&quot;,&quot;background_slideshow_slide_duration&quot;:3000,&quot;background_slideshow_loop&quot;:&quot;yes&quot;,&quot;background_slideshow_slide_transition&quot;:&quot;fade&quot;,&quot;background_slideshow_transition_duration&quot;:500,&quot;background_slideshow_ken_burns_zoom_direction&quot;:&quot;in&quot;}\">\n\t\t\t\t\t<div class=\"e-con-inner\">\n\t\t<div class=\"elementor-element elementor-element-523f7a6 e-con-full e-flex e-con e-child\" data-id=\"523f7a6\" data-element_type=\"container\">\n\t\t<div class=\"elementor-element elementor-element-a0e8d24 e-con-full e-flex e-con e-child\" data-id=\"a0e8d24\" data-element_type=\"container\">\n\t\t\t\t<div class=\"elementor-element elementor-element-fdb2061 elementor-widget elementor-widget-heading\" data-id=\"fdb2061\" data-element_type=\"widget\" data-widget_type=\"heading.default\">\n\t\t\t\t<div class=\"elementor-widget-container\">\n\t\t\t\t\t<h2 class=\"elementor-heading-title elementor-size-default\">Mus\u00e9es<\/h2>\t\t\t\t<\/div>\n\t\t\t\t<\/div>\n\t\t\t\t<div class=\"elementor-element elementor-element-368340d elementor-widget elementor-widget-text-editor\" data-id=\"368340d\" data-element_type=\"widget\" data-widget_type=\"text-editor.default\">\n\t\t\t\t<div class=\"elementor-widget-container\">\n\t\t\t\t\t\t\t\t\t6 mus\u00e9es qui permettent d\u2019explorer divers\naspects de la r\u00e9gion : l\u2019industrie, la g\u00e9ologie, les\nfossiles et min\u00e9raux, la pr\u00e9histoire&#8230;\t\t\t\t\t\t\t\t<\/div>\n\t\t\t\t<\/div>\n\t\t\t\t<div class=\"elementor-element elementor-element-5438f13 elementor-widget elementor-widget-button\" data-id=\"5438f13\" data-element_type=\"widget\" data-widget_type=\"button.default\">\n\t\t\t\t<div class=\"elementor-widget-container\">\n\t\t\t\t\t\t\t\t\t<div class=\"elementor-button-wrapper\">\n\t\t\t\t\t<a class=\"elementor-button elementor-button-link elementor-size-sm\" href=\"https:\/\/debabarrenaturismo.com\/fr\/patrimoine\/musees\/\">\n\t\t\t\t\t\t<span class=\"elementor-button-content-wrapper\">\n\t\t\t\t\t\t\t\t\t<span class=\"elementor-button-text\">Plus d'informations<\/span>\n\t\t\t\t\t<\/span>\n\t\t\t\t\t<\/a>\n\t\t\t\t<\/div>\n\t\t\t\t\t\t\t\t<\/div>\n\t\t\t\t<\/div>\n\t\t\t\t<\/div>\n\t\t\t\t<\/div>\n\t\t\t\t\t<\/div>\n\t\t\t\t<\/div>\n\t\t\t\t<\/div>\n\t\t","protected":false},"excerpt":{"rendered":"<p>Debabarrena Patrimoine du Debabarrena Peintures rupestres, Chemin de Saint-Jacques, \u00e9glises gothiques, centres historiques monumentaux, vaste patrimoine industriel et \u0153uvres d&rsquo;art r\u00e9alis\u00e9es dans la rue. Le patrimoine<span class=\"excerpt-hellip\"> [\u2026]<\/span><\/p>\n","protected":false},"author":2,"featured_media":0,"parent":0,"menu_order":0,"comment_status":"closed","ping_status":"closed","template":"elementor_header_footer","meta":{"_acf_changed":false,"footnotes":""},"class_list":["post-8972","page","type-page","status-publish","hentry"],"acf":[],"yoast_head":"<!-- This site is optimized with the Yoast SEO plugin v26.0 - https:\/\/yoast.com\/wordpress\/plugins\/seo\/ -->\n<title>Patrimoine - Debabarrena Turismo<\/title>\n<meta name=\"robots\" content=\"index, follow, max-snippet:-1, max-image-preview:large, max-video-preview:-1\" \/>\n<link rel=\"canonical\" href=\"https:\/\/debabarrenaturismo.com\/fr\/patrimoine\/\" \/>\n<meta property=\"og:locale\" content=\"fr_FR\" \/>\n<meta property=\"og:type\" content=\"article\" \/>\n<meta property=\"og:title\" content=\"Patrimoine - Debabarrena Turismo\" \/>\n<meta property=\"og:description\" content=\"Debabarrena Patrimoine du Debabarrena Peintures rupestres, Chemin de Saint-Jacques, \u00e9glises gothiques, centres historiques monumentaux, vaste patrimoine industriel et \u0153uvres d&rsquo;art r\u00e9alis\u00e9es dans la rue. Le patrimoine [\u2026]\" \/>\n<meta property=\"og:url\" content=\"https:\/\/debabarrenaturismo.com\/fr\/patrimoine\/\" \/>\n<meta property=\"og:site_name\" content=\"Debabarrena Turismo\" \/>\n<meta property=\"article:publisher\" content=\"https:\/\/www.facebook.com\/DebabarrenaTurismo\" \/>\n<meta property=\"article:modified_time\" content=\"2025-02-14T10:30:31+00:00\" \/>\n<meta name=\"twitter:card\" content=\"summary_large_image\" \/>\n<meta name=\"twitter:site\" content=\"@DebabarrenaTur\" \/>\n<meta name=\"twitter:label1\" content=\"Dur\u00e9e de lecture estim\u00e9e\" \/>\n\t<meta name=\"twitter:data1\" content=\"1 minute\" \/>\n<script type=\"application\/ld+json\" class=\"yoast-schema-graph\">{\"@context\":\"https:\/\/schema.org\",\"@graph\":[{\"@type\":\"WebPage\",\"@id\":\"https:\/\/debabarrenaturismo.com\/fr\/patrimoine\/\",\"url\":\"https:\/\/debabarrenaturismo.com\/fr\/patrimoine\/\",\"name\":\"Patrimoine - Debabarrena Turismo\",\"isPartOf\":{\"@id\":\"https:\/\/debabarrenaturismo.com\/fr\/#website\"},\"datePublished\":\"2024-10-21T09:14:40+00:00\",\"dateModified\":\"2025-02-14T10:30:31+00:00\",\"breadcrumb\":{\"@id\":\"https:\/\/debabarrenaturismo.com\/fr\/patrimoine\/#breadcrumb\"},\"inLanguage\":\"fr-FR\",\"potentialAction\":[{\"@type\":\"ReadAction\",\"target\":[\"https:\/\/debabarrenaturismo.com\/fr\/patrimoine\/\"]}]},{\"@type\":\"BreadcrumbList\",\"@id\":\"https:\/\/debabarrenaturismo.com\/fr\/patrimoine\/#breadcrumb\",\"itemListElement\":[{\"@type\":\"ListItem\",\"position\":1,\"name\":\"Portada\",\"item\":\"https:\/\/debabarrenaturismo.com\/\"},{\"@type\":\"ListItem\",\"position\":2,\"name\":\"Patrimoine\"}]},{\"@type\":\"WebSite\",\"@id\":\"https:\/\/debabarrenaturismo.com\/fr\/#website\",\"url\":\"https:\/\/debabarrenaturismo.com\/fr\/\",\"name\":\"Debabarrena Turismo\",\"description\":\"\",\"publisher\":{\"@id\":\"https:\/\/debabarrenaturismo.com\/fr\/#organization\"},\"potentialAction\":[{\"@type\":\"SearchAction\",\"target\":{\"@type\":\"EntryPoint\",\"urlTemplate\":\"https:\/\/debabarrenaturismo.com\/fr\/?s={search_term_string}\"},\"query-input\":{\"@type\":\"PropertyValueSpecification\",\"valueRequired\":true,\"valueName\":\"search_term_string\"}}],\"inLanguage\":\"fr-FR\"},{\"@type\":\"Organization\",\"@id\":\"https:\/\/debabarrenaturismo.com\/fr\/#organization\",\"name\":\"Debabarrena Turismo\",\"url\":\"https:\/\/debabarrenaturismo.com\/fr\/\",\"logo\":{\"@type\":\"ImageObject\",\"inLanguage\":\"fr-FR\",\"@id\":\"https:\/\/debabarrenaturismo.com\/fr\/#\/schema\/logo\/image\/\",\"url\":\"https:\/\/debabarrenaturismo.com\/wp-content\/uploads\/2024\/10\/logo-azul.png\",\"contentUrl\":\"https:\/\/debabarrenaturismo.com\/wp-content\/uploads\/2024\/10\/logo-azul.png\",\"width\":158,\"height\":66,\"caption\":\"Debabarrena Turismo\"},\"image\":{\"@id\":\"https:\/\/debabarrenaturismo.com\/fr\/#\/schema\/logo\/image\/\"},\"sameAs\":[\"https:\/\/www.facebook.com\/DebabarrenaTurismo\",\"https:\/\/x.com\/DebabarrenaTur\",\"https:\/\/www.instagram.com\/debabarrenatur\/\",\"https:\/\/www.youtube.com\/@debabarrenaturismo\"]}]}<\/script>\n<!-- \/ Yoast SEO plugin. -->","yoast_head_json":{"title":"Patrimoine - Debabarrena Turismo","robots":{"index":"index","follow":"follow","max-snippet":"max-snippet:-1","max-image-preview":"max-image-preview:large","max-video-preview":"max-video-preview:-1"},"canonical":"https:\/\/debabarrenaturismo.com\/fr\/patrimoine\/","og_locale":"fr_FR","og_type":"article","og_title":"Patrimoine - Debabarrena Turismo","og_description":"Debabarrena Patrimoine du Debabarrena Peintures rupestres, Chemin de Saint-Jacques, \u00e9glises gothiques, centres historiques monumentaux, vaste patrimoine industriel et \u0153uvres d&rsquo;art r\u00e9alis\u00e9es dans la rue. Le patrimoine [\u2026]","og_url":"https:\/\/debabarrenaturismo.com\/fr\/patrimoine\/","og_site_name":"Debabarrena Turismo","article_publisher":"https:\/\/www.facebook.com\/DebabarrenaTurismo","article_modified_time":"2025-02-14T10:30:31+00:00","twitter_card":"summary_large_image","twitter_site":"@DebabarrenaTur","twitter_misc":{"Dur\u00e9e de lecture estim\u00e9e":"1 minute"},"schema":{"@context":"https:\/\/schema.org","@graph":[{"@type":"WebPage","@id":"https:\/\/debabarrenaturismo.com\/fr\/patrimoine\/","url":"https:\/\/debabarrenaturismo.com\/fr\/patrimoine\/","name":"Patrimoine - Debabarrena Turismo","isPartOf":{"@id":"https:\/\/debabarrenaturismo.com\/fr\/#website"},"datePublished":"2024-10-21T09:14:40+00:00","dateModified":"2025-02-14T10:30:31+00:00","breadcrumb":{"@id":"https:\/\/debabarrenaturismo.com\/fr\/patrimoine\/#breadcrumb"},"inLanguage":"fr-FR","potentialAction":[{"@type":"ReadAction","target":["https:\/\/debabarrenaturismo.com\/fr\/patrimoine\/"]}]},{"@type":"BreadcrumbList","@id":"https:\/\/debabarrenaturismo.com\/fr\/patrimoine\/#breadcrumb","itemListElement":[{"@type":"ListItem","position":1,"name":"Portada","item":"https:\/\/debabarrenaturismo.com\/"},{"@type":"ListItem","position":2,"name":"Patrimoine"}]},{"@type":"WebSite","@id":"https:\/\/debabarrenaturismo.com\/fr\/#website","url":"https:\/\/debabarrenaturismo.com\/fr\/","name":"Debabarrena Turismo","description":"","publisher":{"@id":"https:\/\/debabarrenaturismo.com\/fr\/#organization"},"potentialAction":[{"@type":"SearchAction","target":{"@type":"EntryPoint","urlTemplate":"https:\/\/debabarrenaturismo.com\/fr\/?s={search_term_string}"},"query-input":{"@type":"PropertyValueSpecification","valueRequired":true,"valueName":"search_term_string"}}],"inLanguage":"fr-FR"},{"@type":"Organization","@id":"https:\/\/debabarrenaturismo.com\/fr\/#organization","name":"Debabarrena Turismo","url":"https:\/\/debabarrenaturismo.com\/fr\/","logo":{"@type":"ImageObject","inLanguage":"fr-FR","@id":"https:\/\/debabarrenaturismo.com\/fr\/#\/schema\/logo\/image\/","url":"https:\/\/debabarrenaturismo.com\/wp-content\/uploads\/2024\/10\/logo-azul.png","contentUrl":"https:\/\/debabarrenaturismo.com\/wp-content\/uploads\/2024\/10\/logo-azul.png","width":158,"height":66,"caption":"Debabarrena Turismo"},"image":{"@id":"https:\/\/debabarrenaturismo.com\/fr\/#\/schema\/logo\/image\/"},"sameAs":["https:\/\/www.facebook.com\/DebabarrenaTurismo","https:\/\/x.com\/DebabarrenaTur","https:\/\/www.instagram.com\/debabarrenatur\/","https:\/\/www.youtube.com\/@debabarrenaturismo"]}]}},"_links":{"self":[{"href":"https:\/\/debabarrenaturismo.com\/fr\/wp-json\/wp\/v2\/pages\/8972","targetHints":{"allow":["GET"]}}],"collection":[{"href":"https:\/\/debabarrenaturismo.com\/fr\/wp-json\/wp\/v2\/pages"}],"about":[{"href":"https:\/\/debabarrenaturismo.com\/fr\/wp-json\/wp\/v2\/types\/page"}],"author":[{"embeddable":true,"href":"https:\/\/debabarrenaturismo.com\/fr\/wp-json\/wp\/v2\/users\/2"}],"replies":[{"embeddable":true,"href":"https:\/\/debabarrenaturismo.com\/fr\/wp-json\/wp\/v2\/comments?post=8972"}],"version-history":[{"count":19,"href":"https:\/\/debabarrenaturismo.com\/fr\/wp-json\/wp\/v2\/pages\/8972\/revisions"}],"predecessor-version":[{"id":13715,"href":"https:\/\/debabarrenaturismo.com\/fr\/wp-json\/wp\/v2\/pages\/8972\/revisions\/13715"}],"wp:attachment":[{"href":"https:\/\/debabarrenaturismo.com\/fr\/wp-json\/wp\/v2\/media?parent=8972"}],"curies":[{"name":"wp","href":"https:\/\/api.w.org\/{rel}","templated":true}]}}