{"id":6916,"date":"2024-10-16T14:25:00","date_gmt":"2024-10-16T14:25:00","guid":{"rendered":"https:\/\/debabarrenaturismo.com\/patrimonio-2\/"},"modified":"2026-03-16T14:05:21","modified_gmt":"2026-03-16T14:05:21","slug":"patrimonio-2","status":"publish","type":"page","link":"https:\/\/debabarrenaturismo.com\/fr\/gastronomie\/","title":{"rendered":"Gastronomie"},"content":{"rendered":"\t\t<div data-elementor-type=\"wp-page\" data-elementor-id=\"6916\" class=\"elementor elementor-6916 elementor-2500\" data-elementor-post-type=\"page\">\n\t\t\t\t<div class=\"elementor-element elementor-element-7a8adfa e-flex e-con-boxed e-con e-parent\" data-id=\"7a8adfa\" data-element_type=\"container\" data-settings=\"{&quot;background_background&quot;:&quot;video&quot;,&quot;background_video_link&quot;:&quot;https:\\\/\\\/www.youtube.com\\\/watch?v=riXN9sTZdKE&quot;,&quot;background_video_start&quot;:1,&quot;background_video_end&quot;:31,&quot;background_play_on_mobile&quot;:&quot;yes&quot;}\">\n\t\t\t\t\t<div class=\"e-con-inner\">\n\t\t<div class=\"elementor-background-video-container\" aria-hidden=\"true\">\n\t\t\t\t\t\t\t<div class=\"elementor-background-video-embed\"><\/div>\n\t\t\t\t\t\t<\/div>\t\t<div class=\"elementor-element elementor-element-9ddf8a9 elementor-widget elementor-widget-heading\" data-id=\"9ddf8a9\" data-element_type=\"widget\" data-widget_type=\"heading.default\">\n\t\t\t\t<div class=\"elementor-widget-container\">\n\t\t\t\t\t<h2 class=\"elementor-heading-title elementor-size-default\">Debabarrena<\/h2>\t\t\t\t<\/div>\n\t\t\t\t<\/div>\n\t\t\t\t<div class=\"elementor-element elementor-element-5be53d7 elementor-widget elementor-widget-heading\" data-id=\"5be53d7\" data-element_type=\"widget\" data-widget_type=\"heading.default\">\n\t\t\t\t<div class=\"elementor-widget-container\">\n\t\t\t\t\t<h2 class=\"elementor-heading-title elementor-size-default\">Gastronomie<\/h2>\t\t\t\t<\/div>\n\t\t\t\t<\/div>\n\t\t\t\t\t<\/div>\n\t\t\t\t<\/div>\n\t\t<div class=\"elementor-element elementor-element-09dd547 e-flex e-con-boxed e-con e-parent\" data-id=\"09dd547\" data-element_type=\"container\">\n\t\t\t\t\t<div class=\"e-con-inner\">\n\t\t<div class=\"elementor-element elementor-element-e4c0e10 e-con-full e-flex e-con e-child\" data-id=\"e4c0e10\" data-element_type=\"container\" data-settings=\"{&quot;background_background&quot;:&quot;classic&quot;}\">\n\t\t\t\t<div class=\"elementor-element elementor-element-921858f elementor-widget elementor-widget-heading\" data-id=\"921858f\" data-element_type=\"widget\" data-widget_type=\"heading.default\">\n\t\t\t\t<div class=\"elementor-widget-container\">\n\t\t\t\t\t<h3 class=\"elementor-heading-title elementor-size-default\">Debabarrena gastronomique<\/h3>\t\t\t\t<\/div>\n\t\t\t\t<\/div>\n\t\t\t\t<div class=\"elementor-element elementor-element-c518776 elementor-widget elementor-widget-text-editor\" data-id=\"c518776\" data-element_type=\"widget\" data-widget_type=\"text-editor.default\">\n\t\t\t\t<div class=\"elementor-widget-container\">\n\t\t\t\t\t\t\t\t\t<p>L\u00e0 o\u00f9 la tradition culinaire fusionne avec la fra\u00eecheur de ses produits locaux, une exp\u00e9rience gastronomique \u00e0 chaque bouch\u00e9e.<\/p><p>Explorez la gastronomie de Debabarrena !<\/p>\t\t\t\t\t\t\t\t<\/div>\n\t\t\t\t<\/div>\n\t\t\t\t<\/div>\n\t\t<div class=\"elementor-element elementor-element-591dee1 e-con-full e-flex e-con e-child\" data-id=\"591dee1\" data-element_type=\"container\" data-settings=\"{&quot;background_background&quot;:&quot;classic&quot;}\">\n\t\t\t\t<div class=\"elementor-element elementor-element-dcf96e8 elementor-widget elementor-widget-heading\" data-id=\"dcf96e8\" data-element_type=\"widget\" data-widget_type=\"heading.default\">\n\t\t\t\t<div class=\"elementor-widget-container\">\n\t\t\t\t\t<h2 class=\"elementor-heading-title elementor-size-default\">Nos produits<\/h2>\t\t\t\t<\/div>\n\t\t\t\t<\/div>\n\t\t\t\t<div class=\"elementor-element elementor-element-bf02ea7 elementor-widget elementor-widget-text-editor\" data-id=\"bf02ea7\" data-element_type=\"widget\" data-widget_type=\"text-editor.default\">\n\t\t\t\t<div class=\"elementor-widget-container\">\n\t\t\t\t\t\t\t\t\tD\u00e9couvrez les produits et les pr\u00e9parations qui font de Debabarrena une destination culinaire.\t\t\t\t\t\t\t\t<\/div>\n\t\t\t\t<\/div>\n\t\t\t\t<div class=\"elementor-element elementor-element-738eb02 elementor-widget elementor-widget-button\" data-id=\"738eb02\" data-element_type=\"widget\" data-widget_type=\"button.default\">\n\t\t\t\t<div class=\"elementor-widget-container\">\n\t\t\t\t\t\t\t\t\t<div class=\"elementor-button-wrapper\">\n\t\t\t\t\t<a class=\"elementor-button elementor-button-link elementor-size-sm\" href=\"https:\/\/debabarrenaturismo.com\/fr\/gastronomie\/nous-produits\/\">\n\t\t\t\t\t\t<span class=\"elementor-button-content-wrapper\">\n\t\t\t\t\t\t\t\t\t<span class=\"elementor-button-text\">Plus d\u2019informations<\/span>\n\t\t\t\t\t<\/span>\n\t\t\t\t\t<\/a>\n\t\t\t\t<\/div>\n\t\t\t\t\t\t\t\t<\/div>\n\t\t\t\t<\/div>\n\t\t\t\t<\/div>\n\t\t\t\t\t<\/div>\n\t\t\t\t<\/div>\n\t\t<div class=\"elementor-element elementor-element-a7f1bee e-flex e-con-boxed e-con e-parent\" data-id=\"a7f1bee\" data-element_type=\"container\" data-settings=\"{&quot;background_background&quot;:&quot;slideshow&quot;,&quot;background_slideshow_gallery&quot;:[],&quot;background_slideshow_loop&quot;:&quot;yes&quot;,&quot;background_slideshow_slide_duration&quot;:5000,&quot;background_slideshow_slide_transition&quot;:&quot;fade&quot;,&quot;background_slideshow_transition_duration&quot;:500}\">\n\t\t\t\t\t<div class=\"e-con-inner\">\n\t\t<div class=\"elementor-element elementor-element-25b6964 e-con-full e-flex e-con e-child\" data-id=\"25b6964\" data-element_type=\"container\" data-settings=\"{&quot;background_background&quot;:&quot;slideshow&quot;,&quot;background_slideshow_gallery&quot;:[{&quot;id&quot;:6219,&quot;url&quot;:&quot;https:\\\/\\\/debabarrenaturismo.com\\\/wp-content\\\/uploads\\\/2024\\\/10\\\/IURDANA-TXURRUKA-2-1-scaled.jpg&quot;},{&quot;id&quot;:4054,&quot;url&quot;:&quot;https:\\\/\\\/debabarrenaturismo.com\\\/wp-content\\\/uploads\\\/2024\\\/10\\\/Itsaslabar10-scaled.jpg&quot;},{&quot;id&quot;:3560,&quot;url&quot;:&quot;https:\\\/\\\/debabarrenaturismo.com\\\/wp-content\\\/uploads\\\/2024\\\/10\\\/Pikua6.jpg&quot;}],&quot;background_slideshow_slide_duration&quot;:7000,&quot;background_slideshow_loop&quot;:&quot;yes&quot;,&quot;background_slideshow_slide_transition&quot;:&quot;fade&quot;,&quot;background_slideshow_transition_duration&quot;:500}\">\n\t\t<div class=\"elementor-element elementor-element-daaa96b e-con-full e-flex e-con e-child\" data-id=\"daaa96b\" data-element_type=\"container\">\n\t\t\t\t<div class=\"elementor-element elementor-element-c3682e7 elementor-widget elementor-widget-heading\" data-id=\"c3682e7\" data-element_type=\"widget\" data-widget_type=\"heading.default\">\n\t\t\t\t<div class=\"elementor-widget-container\">\n\t\t\t\t\t<h2 class=\"elementor-heading-title elementor-size-default\">Restaurants<\/h2>\t\t\t\t<\/div>\n\t\t\t\t<\/div>\n\t\t\t\t<div class=\"elementor-element elementor-element-e288d9f elementor-widget elementor-widget-text-editor\" data-id=\"e288d9f\" data-element_type=\"widget\" data-widget_type=\"text-editor.default\">\n\t\t\t\t<div class=\"elementor-widget-container\">\n\t\t\t\t\t\t\t\t\tLe Club Gastronomique de Debabarrena regroupe les cuisini\u00e8res et cuisiniers qui mettent en valeur les produits locaux et le savoir-faire de la cuisine basque.\t\t\t\t\t\t\t\t<\/div>\n\t\t\t\t<\/div>\n\t\t\t\t<div class=\"elementor-element elementor-element-a23e110 elementor-widget elementor-widget-button\" data-id=\"a23e110\" data-element_type=\"widget\" data-widget_type=\"button.default\">\n\t\t\t\t<div class=\"elementor-widget-container\">\n\t\t\t\t\t\t\t\t\t<div class=\"elementor-button-wrapper\">\n\t\t\t\t\t<a class=\"elementor-button elementor-button-link elementor-size-sm\" href=\"https:\/\/debabarrenaturismo.com\/fr\/planifiez-votre-voyage\/ou-manger\/\">\n\t\t\t\t\t\t<span class=\"elementor-button-content-wrapper\">\n\t\t\t\t\t\t\t\t\t<span class=\"elementor-button-text\">Plus d\u2019informations<\/span>\n\t\t\t\t\t<\/span>\n\t\t\t\t\t<\/a>\n\t\t\t\t<\/div>\n\t\t\t\t\t\t\t\t<\/div>\n\t\t\t\t<\/div>\n\t\t\t\t<\/div>\n\t\t\t\t<\/div>\n\t\t\t\t\t<\/div>\n\t\t\t\t<\/div>\n\t\t<div class=\"elementor-element elementor-element-9f07474 e-flex e-con-boxed e-con e-parent\" data-id=\"9f07474\" data-element_type=\"container\" data-settings=\"{&quot;background_background&quot;:&quot;slideshow&quot;,&quot;background_slideshow_gallery&quot;:[{&quot;id&quot;:2510,&quot;url&quot;:&quot;https:\\\/\\\/debabarrenaturismo.com\\\/wp-content\\\/uploads\\\/2024\\\/10\\\/Tripontziak-8.jpg&quot;},{&quot;id&quot;:1857,&quot;url&quot;:&quot;https:\\\/\\\/debabarrenaturismo.com\\\/wp-content\\\/uploads\\\/2024\\\/10\\\/UNAI-BARATZE-9-scaled.jpg&quot;},{&quot;id&quot;:2506,&quot;url&quot;:&quot;https:\\\/\\\/debabarrenaturismo.com\\\/wp-content\\\/uploads\\\/2024\\\/10\\\/ALBERTO-KANALA-10.jpg&quot;},{&quot;id&quot;:2514,&quot;url&quot;:&quot;https:\\\/\\\/debabarrenaturismo.com\\\/wp-content\\\/uploads\\\/2024\\\/10\\\/UNAI-BARATZE-11.jpg&quot;}],&quot;background_slideshow_lazyload&quot;:&quot;yes&quot;,&quot;background_slideshow_ken_burns&quot;:&quot;yes&quot;,&quot;background_slideshow_loop&quot;:&quot;yes&quot;,&quot;background_slideshow_slide_duration&quot;:5000,&quot;background_slideshow_slide_transition&quot;:&quot;fade&quot;,&quot;background_slideshow_transition_duration&quot;:500,&quot;background_slideshow_ken_burns_zoom_direction&quot;:&quot;in&quot;}\">\n\t\t\t\t\t<div class=\"e-con-inner\">\n\t\t<div class=\"elementor-element elementor-element-d5b745a e-con-full e-flex e-con e-child\" data-id=\"d5b745a\" data-element_type=\"container\">\n\t\t<div class=\"elementor-element elementor-element-87fd259 e-con-full e-flex e-con e-child\" data-id=\"87fd259\" data-element_type=\"container\">\n\t\t\t\t<div class=\"elementor-element elementor-element-833cf1a elementor-widget elementor-widget-heading\" data-id=\"833cf1a\" data-element_type=\"widget\" data-widget_type=\"heading.default\">\n\t\t\t\t<div class=\"elementor-widget-container\">\n\t\t\t\t\t<h2 class=\"elementor-heading-title elementor-size-default\">Debabarrena <br>Gourmet<\/h2>\t\t\t\t<\/div>\n\t\t\t\t<\/div>\n\t\t\t\t<div class=\"elementor-element elementor-element-6c54ecd elementor-widget elementor-widget-text-editor\" data-id=\"6c54ecd\" data-element_type=\"widget\" data-widget_type=\"text-editor.default\">\n\t\t\t\t<div class=\"elementor-widget-container\">\n\t\t\t\t\t\t\t\t\t<p>La derni\u00e8re initiative du Club Gastronomique de Debabarrena est Debabarrena Gourmet. Des menus d\u00e9gustation uniques et personnalis\u00e9s gr\u00e2ce \u00e0 nos cuisini\u00e8res et cuisiniers.<\/p>\t\t\t\t\t\t\t\t<\/div>\n\t\t\t\t<\/div>\n\t\t\t\t<div class=\"elementor-element elementor-element-ccd8424 elementor-widget elementor-widget-button\" data-id=\"ccd8424\" data-element_type=\"widget\" data-widget_type=\"button.default\">\n\t\t\t\t<div class=\"elementor-widget-container\">\n\t\t\t\t\t\t\t\t\t<div class=\"elementor-button-wrapper\">\n\t\t\t\t\t<a class=\"elementor-button elementor-button-link elementor-size-sm\" href=\"https:\/\/debabarrenaturismo.com\/fr\/gastronomie\/debabarrena-gourmet-2026\/\">\n\t\t\t\t\t\t<span class=\"elementor-button-content-wrapper\">\n\t\t\t\t\t\t\t\t\t<span class=\"elementor-button-text\">Plus d\u2019informations<\/span>\n\t\t\t\t\t<\/span>\n\t\t\t\t\t<\/a>\n\t\t\t\t<\/div>\n\t\t\t\t\t\t\t\t<\/div>\n\t\t\t\t<\/div>\n\t\t\t\t<\/div>\n\t\t\t\t<\/div>\n\t\t<div class=\"elementor-element elementor-element-8c6cdc5 e-con-full e-flex e-con e-child\" data-id=\"8c6cdc5\" data-element_type=\"container\">\n\t\t<div class=\"elementor-element elementor-element-5afab63 e-con-full e-flex e-con e-child\" data-id=\"5afab63\" data-element_type=\"container\">\n\t\t\t\t<div class=\"elementor-element elementor-element-453f712 elementor-widget elementor-widget-heading\" data-id=\"453f712\" data-element_type=\"widget\" data-widget_type=\"heading.default\">\n\t\t\t\t<div class=\"elementor-widget-container\">\n\t\t\t\t\t<h2 class=\"elementor-heading-title elementor-size-default\">Tripontziak<\/h2>\t\t\t\t<\/div>\n\t\t\t\t<\/div>\n\t\t\t\t<div class=\"elementor-element elementor-element-534da69 elementor-widget elementor-widget-text-editor\" data-id=\"534da69\" data-element_type=\"widget\" data-widget_type=\"text-editor.default\">\n\t\t\t\t<div class=\"elementor-widget-container\">\n\t\t\t\t\t\t\t\t\tEn novembre 2024, nous organisons la XI. \u00e9dition de cette initiative qui est devenue l\u2019activit\u00e9 gastronomique de r\u00e9f\u00e9rence dans l\u2019offre touristique de la r\u00e9gion. \t\t\t\t\t\t\t\t<\/div>\n\t\t\t\t<\/div>\n\t\t\t\t<div class=\"elementor-element elementor-element-7e9d52d elementor-widget elementor-widget-button\" data-id=\"7e9d52d\" data-element_type=\"widget\" data-widget_type=\"button.default\">\n\t\t\t\t<div class=\"elementor-widget-container\">\n\t\t\t\t\t\t\t\t\t<div class=\"elementor-button-wrapper\">\n\t\t\t\t\t<a class=\"elementor-button elementor-button-link elementor-size-sm\" href=\"https:\/\/debabarrenaturismo.com\/gastronomia\/tripontziak-2024\/\">\n\t\t\t\t\t\t<span class=\"elementor-button-content-wrapper\">\n\t\t\t\t\t\t\t\t\t<span class=\"elementor-button-text\">Plus d\u2019informations<\/span>\n\t\t\t\t\t<\/span>\n\t\t\t\t\t<\/a>\n\t\t\t\t<\/div>\n\t\t\t\t\t\t\t\t<\/div>\n\t\t\t\t<\/div>\n\t\t\t\t<\/div>\n\t\t\t\t<\/div>\n\t\t\t\t\t<\/div>\n\t\t\t\t<\/div>\n\t\t\t\t<\/div>\n\t\t","protected":false},"excerpt":{"rendered":"<p>Debabarrena Debabarrena gastronomique L\u00e0 o\u00f9 la tradition culinaire fusionne avec la fra\u00eecheur de ses produits locaux, une exp\u00e9rience gastronomique \u00e0 chaque bouch\u00e9e. Explorez la gastronomie de<span class=\"excerpt-hellip\"> [\u2026]<\/span><\/p>\n","protected":false},"author":2,"featured_media":0,"parent":0,"menu_order":0,"comment_status":"closed","ping_status":"closed","template":"elementor_header_footer","meta":{"_acf_changed":false,"footnotes":""},"class_list":["post-6916","page","type-page","status-publish","hentry"],"acf":[],"yoast_head":"<!-- This site is optimized with the Yoast SEO plugin v26.0 - https:\/\/yoast.com\/wordpress\/plugins\/seo\/ -->\n<title>Gastronomie - Debabarrena Turismo<\/title>\n<meta name=\"robots\" content=\"index, follow, max-snippet:-1, max-image-preview:large, max-video-preview:-1\" \/>\n<link rel=\"canonical\" href=\"https:\/\/debabarrenaturismo.com\/fr\/gastronomie\/\" \/>\n<meta property=\"og:locale\" content=\"fr_FR\" \/>\n<meta property=\"og:type\" content=\"article\" \/>\n<meta property=\"og:title\" content=\"Gastronomie - Debabarrena Turismo\" \/>\n<meta property=\"og:description\" content=\"Debabarrena Debabarrena gastronomique L\u00e0 o\u00f9 la tradition culinaire fusionne avec la fra\u00eecheur de ses produits locaux, une exp\u00e9rience gastronomique \u00e0 chaque bouch\u00e9e. Explorez la gastronomie de [\u2026]\" \/>\n<meta property=\"og:url\" content=\"https:\/\/debabarrenaturismo.com\/fr\/gastronomie\/\" \/>\n<meta property=\"og:site_name\" content=\"Debabarrena Turismo\" \/>\n<meta property=\"article:publisher\" content=\"https:\/\/www.facebook.com\/DebabarrenaTurismo\" \/>\n<meta property=\"article:modified_time\" content=\"2026-03-16T14:05:21+00:00\" \/>\n<meta name=\"twitter:card\" content=\"summary_large_image\" \/>\n<meta name=\"twitter:site\" content=\"@DebabarrenaTur\" \/>\n<meta name=\"twitter:label1\" content=\"Dur\u00e9e de lecture estim\u00e9e\" \/>\n\t<meta name=\"twitter:data1\" content=\"1 minute\" \/>\n<script type=\"application\/ld+json\" class=\"yoast-schema-graph\">{\"@context\":\"https:\/\/schema.org\",\"@graph\":[{\"@type\":\"WebPage\",\"@id\":\"https:\/\/debabarrenaturismo.com\/fr\/gastronomie\/\",\"url\":\"https:\/\/debabarrenaturismo.com\/fr\/gastronomie\/\",\"name\":\"Gastronomie - Debabarrena Turismo\",\"isPartOf\":{\"@id\":\"https:\/\/debabarrenaturismo.com\/fr\/#website\"},\"datePublished\":\"2024-10-16T14:25:00+00:00\",\"dateModified\":\"2026-03-16T14:05:21+00:00\",\"breadcrumb\":{\"@id\":\"https:\/\/debabarrenaturismo.com\/fr\/gastronomie\/#breadcrumb\"},\"inLanguage\":\"fr-FR\",\"potentialAction\":[{\"@type\":\"ReadAction\",\"target\":[\"https:\/\/debabarrenaturismo.com\/fr\/gastronomie\/\"]}]},{\"@type\":\"BreadcrumbList\",\"@id\":\"https:\/\/debabarrenaturismo.com\/fr\/gastronomie\/#breadcrumb\",\"itemListElement\":[{\"@type\":\"ListItem\",\"position\":1,\"name\":\"Portada\",\"item\":\"https:\/\/debabarrenaturismo.com\/\"},{\"@type\":\"ListItem\",\"position\":2,\"name\":\"Gastronomie\"}]},{\"@type\":\"WebSite\",\"@id\":\"https:\/\/debabarrenaturismo.com\/fr\/#website\",\"url\":\"https:\/\/debabarrenaturismo.com\/fr\/\",\"name\":\"Debabarrena Turismo\",\"description\":\"\",\"publisher\":{\"@id\":\"https:\/\/debabarrenaturismo.com\/fr\/#organization\"},\"potentialAction\":[{\"@type\":\"SearchAction\",\"target\":{\"@type\":\"EntryPoint\",\"urlTemplate\":\"https:\/\/debabarrenaturismo.com\/fr\/?s={search_term_string}\"},\"query-input\":{\"@type\":\"PropertyValueSpecification\",\"valueRequired\":true,\"valueName\":\"search_term_string\"}}],\"inLanguage\":\"fr-FR\"},{\"@type\":\"Organization\",\"@id\":\"https:\/\/debabarrenaturismo.com\/fr\/#organization\",\"name\":\"Debabarrena Turismo\",\"url\":\"https:\/\/debabarrenaturismo.com\/fr\/\",\"logo\":{\"@type\":\"ImageObject\",\"inLanguage\":\"fr-FR\",\"@id\":\"https:\/\/debabarrenaturismo.com\/fr\/#\/schema\/logo\/image\/\",\"url\":\"https:\/\/debabarrenaturismo.com\/wp-content\/uploads\/2024\/10\/logo-azul.png\",\"contentUrl\":\"https:\/\/debabarrenaturismo.com\/wp-content\/uploads\/2024\/10\/logo-azul.png\",\"width\":158,\"height\":66,\"caption\":\"Debabarrena Turismo\"},\"image\":{\"@id\":\"https:\/\/debabarrenaturismo.com\/fr\/#\/schema\/logo\/image\/\"},\"sameAs\":[\"https:\/\/www.facebook.com\/DebabarrenaTurismo\",\"https:\/\/x.com\/DebabarrenaTur\",\"https:\/\/www.instagram.com\/debabarrenatur\/\",\"https:\/\/www.youtube.com\/@debabarrenaturismo\"]}]}<\/script>\n<!-- \/ Yoast SEO plugin. -->","yoast_head_json":{"title":"Gastronomie - Debabarrena Turismo","robots":{"index":"index","follow":"follow","max-snippet":"max-snippet:-1","max-image-preview":"max-image-preview:large","max-video-preview":"max-video-preview:-1"},"canonical":"https:\/\/debabarrenaturismo.com\/fr\/gastronomie\/","og_locale":"fr_FR","og_type":"article","og_title":"Gastronomie - Debabarrena Turismo","og_description":"Debabarrena Debabarrena gastronomique L\u00e0 o\u00f9 la tradition culinaire fusionne avec la fra\u00eecheur de ses produits locaux, une exp\u00e9rience gastronomique \u00e0 chaque bouch\u00e9e. Explorez la gastronomie de [\u2026]","og_url":"https:\/\/debabarrenaturismo.com\/fr\/gastronomie\/","og_site_name":"Debabarrena Turismo","article_publisher":"https:\/\/www.facebook.com\/DebabarrenaTurismo","article_modified_time":"2026-03-16T14:05:21+00:00","twitter_card":"summary_large_image","twitter_site":"@DebabarrenaTur","twitter_misc":{"Dur\u00e9e de lecture estim\u00e9e":"1 minute"},"schema":{"@context":"https:\/\/schema.org","@graph":[{"@type":"WebPage","@id":"https:\/\/debabarrenaturismo.com\/fr\/gastronomie\/","url":"https:\/\/debabarrenaturismo.com\/fr\/gastronomie\/","name":"Gastronomie - Debabarrena Turismo","isPartOf":{"@id":"https:\/\/debabarrenaturismo.com\/fr\/#website"},"datePublished":"2024-10-16T14:25:00+00:00","dateModified":"2026-03-16T14:05:21+00:00","breadcrumb":{"@id":"https:\/\/debabarrenaturismo.com\/fr\/gastronomie\/#breadcrumb"},"inLanguage":"fr-FR","potentialAction":[{"@type":"ReadAction","target":["https:\/\/debabarrenaturismo.com\/fr\/gastronomie\/"]}]},{"@type":"BreadcrumbList","@id":"https:\/\/debabarrenaturismo.com\/fr\/gastronomie\/#breadcrumb","itemListElement":[{"@type":"ListItem","position":1,"name":"Portada","item":"https:\/\/debabarrenaturismo.com\/"},{"@type":"ListItem","position":2,"name":"Gastronomie"}]},{"@type":"WebSite","@id":"https:\/\/debabarrenaturismo.com\/fr\/#website","url":"https:\/\/debabarrenaturismo.com\/fr\/","name":"Debabarrena Turismo","description":"","publisher":{"@id":"https:\/\/debabarrenaturismo.com\/fr\/#organization"},"potentialAction":[{"@type":"SearchAction","target":{"@type":"EntryPoint","urlTemplate":"https:\/\/debabarrenaturismo.com\/fr\/?s={search_term_string}"},"query-input":{"@type":"PropertyValueSpecification","valueRequired":true,"valueName":"search_term_string"}}],"inLanguage":"fr-FR"},{"@type":"Organization","@id":"https:\/\/debabarrenaturismo.com\/fr\/#organization","name":"Debabarrena Turismo","url":"https:\/\/debabarrenaturismo.com\/fr\/","logo":{"@type":"ImageObject","inLanguage":"fr-FR","@id":"https:\/\/debabarrenaturismo.com\/fr\/#\/schema\/logo\/image\/","url":"https:\/\/debabarrenaturismo.com\/wp-content\/uploads\/2024\/10\/logo-azul.png","contentUrl":"https:\/\/debabarrenaturismo.com\/wp-content\/uploads\/2024\/10\/logo-azul.png","width":158,"height":66,"caption":"Debabarrena Turismo"},"image":{"@id":"https:\/\/debabarrenaturismo.com\/fr\/#\/schema\/logo\/image\/"},"sameAs":["https:\/\/www.facebook.com\/DebabarrenaTurismo","https:\/\/x.com\/DebabarrenaTur","https:\/\/www.instagram.com\/debabarrenatur\/","https:\/\/www.youtube.com\/@debabarrenaturismo"]}]}},"_links":{"self":[{"href":"https:\/\/debabarrenaturismo.com\/fr\/wp-json\/wp\/v2\/pages\/6916","targetHints":{"allow":["GET"]}}],"collection":[{"href":"https:\/\/debabarrenaturismo.com\/fr\/wp-json\/wp\/v2\/pages"}],"about":[{"href":"https:\/\/debabarrenaturismo.com\/fr\/wp-json\/wp\/v2\/types\/page"}],"author":[{"embeddable":true,"href":"https:\/\/debabarrenaturismo.com\/fr\/wp-json\/wp\/v2\/users\/2"}],"replies":[{"embeddable":true,"href":"https:\/\/debabarrenaturismo.com\/fr\/wp-json\/wp\/v2\/comments?post=6916"}],"version-history":[{"count":31,"href":"https:\/\/debabarrenaturismo.com\/fr\/wp-json\/wp\/v2\/pages\/6916\/revisions"}],"predecessor-version":[{"id":18298,"href":"https:\/\/debabarrenaturismo.com\/fr\/wp-json\/wp\/v2\/pages\/6916\/revisions\/18298"}],"wp:attachment":[{"href":"https:\/\/debabarrenaturismo.com\/fr\/wp-json\/wp\/v2\/media?parent=6916"}],"curies":[{"name":"wp","href":"https:\/\/api.w.org\/{rel}","templated":true}]}}