{"id":12520,"date":"2025-02-04T15:19:48","date_gmt":"2025-02-04T15:19:48","guid":{"rendered":"https:\/\/debabarrenaturismo.com\/contacto\/"},"modified":"2025-03-03T12:43:29","modified_gmt":"2025-03-03T12:43:29","slug":"contacto","status":"publish","type":"page","link":"https:\/\/debabarrenaturismo.com\/fr\/contact-nous\/","title":{"rendered":"Contact"},"content":{"rendered":"\t\t<div data-elementor-type=\"wp-page\" data-elementor-id=\"12520\" class=\"elementor elementor-12520 elementor-12174\" data-elementor-post-type=\"page\">\n\t\t\t\t<div class=\"elementor-element elementor-element-7f71324 e-flex e-con-boxed e-con e-parent\" data-id=\"7f71324\" data-element_type=\"container\" data-settings=\"{&quot;background_background&quot;:&quot;classic&quot;}\">\n\t\t\t\t\t<div class=\"e-con-inner\">\n\t\t\t\t<div class=\"elementor-element elementor-element-1567d09 elementor-widget elementor-widget-heading\" data-id=\"1567d09\" data-element_type=\"widget\" data-widget_type=\"heading.default\">\n\t\t\t\t<div class=\"elementor-widget-container\">\n\t\t\t\t\t<h2 class=\"elementor-heading-title elementor-size-default\">Debabarrena<\/h2>\t\t\t\t<\/div>\n\t\t\t\t<\/div>\n\t\t\t\t<div class=\"elementor-element elementor-element-5ed6e26 elementor-widget elementor-widget-heading\" data-id=\"5ed6e26\" data-element_type=\"widget\" data-widget_type=\"heading.default\">\n\t\t\t\t<div class=\"elementor-widget-container\">\n\t\t\t\t\t<h2 class=\"elementor-heading-title elementor-size-default\">Contact<\/h2>\t\t\t\t<\/div>\n\t\t\t\t<\/div>\n\t\t\t\t\t<\/div>\n\t\t\t\t<\/div>\n\t\t<div class=\"elementor-element elementor-element-c952fd8 e-flex e-con-boxed e-con e-parent\" data-id=\"c952fd8\" data-element_type=\"container\">\n\t\t\t\t\t<div class=\"e-con-inner\">\n\t\t<div class=\"elementor-element elementor-element-f2f98ed e-con-full e-flex e-con e-child\" data-id=\"f2f98ed\" data-element_type=\"container\">\n\t\t\t\t<div class=\"elementor-element elementor-element-0db6946 elementor-widget elementor-widget-google_maps\" data-id=\"0db6946\" data-element_type=\"widget\" data-widget_type=\"google_maps.default\">\n\t\t\t\t<div class=\"elementor-widget-container\">\n\t\t\t\t\t\t\t<div class=\"elementor-custom-embed\">\n\t\t\t<iframe loading=\"lazy\"\n\t\t\t\t\tsrc=\"https:\/\/www.google.com\/maps\/embed\/v1\/place?key=AIzaSyBsap_E0K7FqOhER6mSrATK5toipNrHbD4&#038;q=debegesa&#038;zoom=16\"\n\t\t\t\t\ttitle=\"debegesa\"\n\t\t\t\t\taria-label=\"debegesa\"\n\t\t\t><\/iframe>\n\t\t<\/div>\n\t\t\t\t\t\t<\/div>\n\t\t\t\t<\/div>\n\t\t\t\t<\/div>\n\t\t\t\t\t<\/div>\n\t\t\t\t<\/div>\n\t\t<div class=\"elementor-element elementor-element-95f3d7c e-flex e-con-boxed e-con e-parent\" data-id=\"95f3d7c\" data-element_type=\"container\" data-settings=\"{&quot;background_background&quot;:&quot;gradient&quot;}\">\n\t\t\t\t\t<div class=\"e-con-inner\">\n\t\t\t\t\t<\/div>\n\t\t\t\t<\/div>\n\t\t<div class=\"elementor-element elementor-element-3cf345c e-flex e-con-boxed e-con e-parent\" data-id=\"3cf345c\" data-element_type=\"container\" data-settings=\"{&quot;background_background&quot;:&quot;classic&quot;}\">\n\t\t\t\t\t<div class=\"e-con-inner\">\n\t\t<div class=\"elementor-element elementor-element-25ae658 e-con-full e-flex e-con e-child\" data-id=\"25ae658\" data-element_type=\"container\" data-settings=\"{&quot;background_background&quot;:&quot;classic&quot;}\">\n\t\t<div class=\"elementor-element elementor-element-fef82eb e-con-full e-flex e-con e-child\" data-id=\"fef82eb\" data-element_type=\"container\" data-settings=\"{&quot;background_background&quot;:&quot;classic&quot;}\">\n\t\t\t\t<div class=\"elementor-element elementor-element-68ef86e elementor-widget elementor-widget-heading\" data-id=\"68ef86e\" data-element_type=\"widget\" data-widget_type=\"heading.default\">\n\t\t\t\t<div class=\"elementor-widget-container\">\n\t\t\t\t\t<h3 class=\"elementor-heading-title elementor-size-default\">Contactez-nous<\/h3>\t\t\t\t<\/div>\n\t\t\t\t<\/div>\n\t\t\t\t<div class=\"elementor-element elementor-element-3377dcf elementor-widget elementor-widget-text-editor\" data-id=\"3377dcf\" data-element_type=\"widget\" data-widget_type=\"text-editor.default\">\n\t\t\t\t<div class=\"elementor-widget-container\">\n\t\t\t\t\t\t\t\t\t\nSi vous souhaitez nous consulter, vous pouvez nous envoyer ce formulaire ou nous envoyer un message <a href=\"mailto:turismoa@debegesa.eus\">turismoa@debegesa.eus<\/a>\t\t\t\t\t\t\t\t<\/div>\n\t\t\t\t<\/div>\n\t\t\t\t<\/div>\n\t\t\t\t<\/div>\n\t\t<div class=\"elementor-element elementor-element-f9a2f5b e-con-full e-flex e-con e-child\" data-id=\"f9a2f5b\" data-element_type=\"container\" data-settings=\"{&quot;background_background&quot;:&quot;classic&quot;}\">\n\t\t\t\t<div class=\"elementor-element elementor-element-b873c81 elementor-button-align-stretch elementor-widget elementor-widget-form\" data-id=\"b873c81\" data-element_type=\"widget\" data-settings=\"{&quot;step_next_label&quot;:&quot;Siguiente&quot;,&quot;step_previous_label&quot;:&quot;Anterior&quot;,&quot;button_width&quot;:&quot;100&quot;,&quot;step_type&quot;:&quot;number_text&quot;,&quot;step_icon_shape&quot;:&quot;circle&quot;}\" data-widget_type=\"form.default\">\n\t\t\t\t<div class=\"elementor-widget-container\">\n\t\t\t\t\t\t\t<form class=\"elementor-form\" method=\"post\" name=\"Nuevo formulario\" aria-label=\"Nuevo formulario\">\n\t\t\t<input type=\"hidden\" name=\"post_id\" value=\"12520\"\/>\n\t\t\t<input type=\"hidden\" name=\"form_id\" value=\"b873c81\"\/>\n\t\t\t<input type=\"hidden\" name=\"referer_title\" value=\"Contact - Debabarrena Turismo\" \/>\n\n\t\t\t\t\t\t\t<input type=\"hidden\" name=\"queried_id\" value=\"12520\"\/>\n\t\t\t\n\t\t\t<div class=\"elementor-form-fields-wrapper elementor-labels-\">\n\t\t\t\t\t\t\t\t<div class=\"elementor-field-type-text elementor-field-group elementor-column elementor-field-group-name elementor-col-100 elementor-field-required\">\n\t\t\t\t\t\t\t\t\t\t\t\t<label for=\"form-field-name\" class=\"elementor-field-label elementor-screen-only\">\n\t\t\t\t\t\t\t\tNom\t\t\t\t\t\t\t<\/label>\n\t\t\t\t\t\t\t\t\t\t\t\t\t\t<input size=\"1\" type=\"text\" name=\"form_fields[name]\" id=\"form-field-name\" class=\"elementor-field elementor-size-sm  elementor-field-textual\" placeholder=\"Nom\" required=\"required\">\n\t\t\t\t\t\t\t\t\t\t\t<\/div>\n\t\t\t\t\t\t\t\t<div class=\"elementor-field-type-email elementor-field-group elementor-column elementor-field-group-email elementor-col-100 elementor-field-required\">\n\t\t\t\t\t\t\t\t\t\t\t\t<label for=\"form-field-email\" class=\"elementor-field-label elementor-screen-only\">\n\t\t\t\t\t\t\t\tE-mail\t\t\t\t\t\t\t<\/label>\n\t\t\t\t\t\t\t\t\t\t\t\t\t\t<input size=\"1\" type=\"email\" name=\"form_fields[email]\" id=\"form-field-email\" class=\"elementor-field elementor-size-sm  elementor-field-textual\" placeholder=\"E-mail\" required=\"required\">\n\t\t\t\t\t\t\t\t\t\t\t<\/div>\n\t\t\t\t\t\t\t\t<div class=\"elementor-field-type-textarea elementor-field-group elementor-column elementor-field-group-message elementor-col-100 elementor-field-required\">\n\t\t\t\t\t\t\t\t\t\t\t\t<label for=\"form-field-message\" class=\"elementor-field-label elementor-screen-only\">\n\t\t\t\t\t\t\t\tMessage\t\t\t\t\t\t\t<\/label>\n\t\t\t\t\t\t<textarea class=\"elementor-field-textual elementor-field  elementor-size-sm\" name=\"form_fields[message]\" id=\"form-field-message\" rows=\"4\" placeholder=\"Message\" required=\"required\"><\/textarea>\t\t\t\t<\/div>\n\t\t\t\t\t\t\t\t<div class=\"elementor-field-type-acceptance elementor-field-group elementor-column elementor-field-group-field_3f05116 elementor-col-100 elementor-field-required\">\n\t\t\t\t\t\t\t<div class=\"elementor-field-subgroup\">\n\t\t\t<span class=\"elementor-field-option\">\n\t\t\t\t<input type=\"checkbox\" name=\"form_fields[field_3f05116]\" id=\"form-field-field_3f05116\" class=\"elementor-field elementor-size-sm  elementor-acceptance-field\" required=\"required\">\n\t\t\t\t<label for=\"form-field-field_3f05116\">J'accepte la politique de confidentialit\u00e9<\/label>\t\t\t<\/span>\n\t\t<\/div>\n\t\t\t\t\t\t<\/div>\n\t\t\t\t\t\t\t\t<div class=\"elementor-field-group elementor-column elementor-field-type-submit elementor-col-100 e-form__buttons\">\n\t\t\t\t\t<button class=\"elementor-button elementor-size-sm\" type=\"submit\">\n\t\t\t\t\t\t<span class=\"elementor-button-content-wrapper\">\n\t\t\t\t\t\t\t\t\t\t\t\t\t\t\t\t\t\t\t\t\t\t<span class=\"elementor-button-text\">Envoyer<\/span>\n\t\t\t\t\t\t\t\t\t\t\t\t\t<\/span>\n\t\t\t\t\t<\/button>\n\t\t\t\t<\/div>\n\t\t\t<\/div>\n\t\t<\/form>\n\t\t\t\t\t\t<\/div>\n\t\t\t\t<\/div>\n\t\t\t\t<\/div>\n\t\t\t\t\t<\/div>\n\t\t\t\t<\/div>\n\t\t<div class=\"elementor-element elementor-element-dc437de e-flex e-con-boxed e-con e-parent\" data-id=\"dc437de\" data-element_type=\"container\" data-settings=\"{&quot;background_background&quot;:&quot;slideshow&quot;,&quot;background_slideshow_gallery&quot;:[{&quot;id&quot;:288,&quot;url&quot;:&quot;https:\\\/\\\/debabarrenaturismo.com\\\/wp-content\\\/uploads\\\/2024\\\/10\\\/paseo-litoral-3.jpg&quot;},{&quot;id&quot;:2398,&quot;url&quot;:&quot;https:\\\/\\\/debabarrenaturismo.com\\\/wp-content\\\/uploads\\\/2024\\\/10\\\/Bidegorri-Vasco-navarro-6.jpg&quot;},{&quot;id&quot;:2432,&quot;url&quot;:&quot;https:\\\/\\\/debabarrenaturismo.com\\\/wp-content\\\/uploads\\\/2024\\\/10\\\/Hotel-Arbe-8-1.jpg&quot;},{&quot;id&quot;:2387,&quot;url&quot;:&quot;https:\\\/\\\/debabarrenaturismo.com\\\/wp-content\\\/uploads\\\/2024\\\/10\\\/Hondartza-3-1.jpg&quot;},{&quot;id&quot;:2503,&quot;url&quot;:&quot;https:\\\/\\\/debabarrenaturismo.com\\\/wp-content\\\/uploads\\\/2024\\\/10\\\/ALBERTO-KANALA-10.jpg&quot;}],&quot;background_slideshow_lazyload&quot;:&quot;yes&quot;,&quot;background_slideshow_ken_burns&quot;:&quot;yes&quot;,&quot;background_slideshow_loop&quot;:&quot;yes&quot;,&quot;background_slideshow_slide_duration&quot;:5000,&quot;background_slideshow_slide_transition&quot;:&quot;fade&quot;,&quot;background_slideshow_transition_duration&quot;:500,&quot;background_slideshow_ken_burns_zoom_direction&quot;:&quot;in&quot;}\">\n\t\t\t\t\t<div class=\"e-con-inner\">\n\t\t<div class=\"elementor-element elementor-element-d273c24 e-con-full e-flex e-con e-child\" data-id=\"d273c24\" data-element_type=\"container\">\n\t\t\t\t<div class=\"elementor-element elementor-element-7fef58e elementor-widget elementor-widget-heading\" data-id=\"7fef58e\" data-element_type=\"widget\" data-widget_type=\"heading.default\">\n\t\t\t\t<div class=\"elementor-widget-container\">\n\t\t\t\t\t<h2 class=\"elementor-heading-title elementor-size-default\">Continuez<br>\u00e0 planifier votre voyage...<\/h2>\t\t\t\t<\/div>\n\t\t\t\t<\/div>\n\t\t\t\t<\/div>\n\t\t<div class=\"elementor-element elementor-element-96ae067 e-con-full e-flex e-con e-child\" data-id=\"96ae067\" data-element_type=\"container\">\n\t\t<div class=\"elementor-element elementor-element-ac57448 e-con-full e-flex e-con e-child\" data-id=\"ac57448\" data-element_type=\"container\">\n\t\t\t\t<div class=\"elementor-element elementor-element-91e3f95 elementor-widget elementor-widget-heading\" data-id=\"91e3f95\" data-element_type=\"widget\" data-widget_type=\"heading.default\">\n\t\t\t\t<div class=\"elementor-widget-container\">\n\t\t\t\t\t<h2 class=\"elementor-heading-title elementor-size-default\">Comment y arriver?<\/h2>\t\t\t\t<\/div>\n\t\t\t\t<\/div>\n\t\t\t\t<div class=\"elementor-element elementor-element-4c575ce elementor-widget elementor-widget-text-editor\" data-id=\"4c575ce\" data-element_type=\"widget\" data-widget_type=\"text-editor.default\">\n\t\t\t\t<div class=\"elementor-widget-container\">\n\t\t\t\t\t\t\t\t\tDebabarrena, situ\u00e9e au centre du Pays Basque, se trouve \u00e0 moins d\u2019une heure des trois capitales basques. Tout cela dans l&rsquo;acc\u00e8s et la mobilit\u00e9 entre les huit communes de la r\u00e9gion.\n\nCommencez votre voyage!\t\t\t\t\t\t\t\t<\/div>\n\t\t\t\t<\/div>\n\t\t\t\t<div class=\"elementor-element elementor-element-a38a26f elementor-widget elementor-widget-button\" data-id=\"a38a26f\" data-element_type=\"widget\" data-widget_type=\"button.default\">\n\t\t\t\t<div class=\"elementor-widget-container\">\n\t\t\t\t\t\t\t\t\t<div class=\"elementor-button-wrapper\">\n\t\t\t\t\t<a class=\"elementor-button elementor-button-link elementor-size-sm\" href=\"https:\/\/debabarrenaturismo.com\/fr\/planifiez-votre-voyage\/comment-y-arriver\/\">\n\t\t\t\t\t\t<span class=\"elementor-button-content-wrapper\">\n\t\t\t\t\t\t\t\t\t<span class=\"elementor-button-text\">Plus d'informations<\/span>\n\t\t\t\t\t<\/span>\n\t\t\t\t\t<\/a>\n\t\t\t\t<\/div>\n\t\t\t\t\t\t\t\t<\/div>\n\t\t\t\t<\/div>\n\t\t\t\t<\/div>\n\t\t\t\t<\/div>\n\t\t<div class=\"elementor-element elementor-element-77b9ed3 e-con-full e-flex e-con e-child\" data-id=\"77b9ed3\" data-element_type=\"container\">\n\t\t<div class=\"elementor-element elementor-element-46dea32 e-con-full e-flex e-con e-child\" data-id=\"46dea32\" data-element_type=\"container\">\n\t\t\t\t<div class=\"elementor-element elementor-element-bb780d1 elementor-widget elementor-widget-heading\" data-id=\"bb780d1\" data-element_type=\"widget\" data-widget_type=\"heading.default\">\n\t\t\t\t<div class=\"elementor-widget-container\">\n\t\t\t\t\t<h2 class=\"elementor-heading-title elementor-size-default\">O\u00f9 dormir?<\/h2>\t\t\t\t<\/div>\n\t\t\t\t<\/div>\n\t\t\t\t<div class=\"elementor-element elementor-element-67a63b3 elementor-widget elementor-widget-text-editor\" data-id=\"67a63b3\" data-element_type=\"widget\" data-widget_type=\"text-editor.default\">\n\t\t\t\t<div class=\"elementor-widget-container\">\n\t\t\t\t\t\t\t\t\tSur la c\u00f4te ou dans les montagnes de la r\u00e9gion, \u00e0 Debabarrena, vous trouverez toutes sortes d\u2019h\u00e9bergements. Choisissez en fonction de vos int\u00e9r\u00eats et profitez d\u2019un s\u00e9jour confortable et inoubliable.\t\t\t\t\t\t\t\t<\/div>\n\t\t\t\t<\/div>\n\t\t\t\t<div class=\"elementor-element elementor-element-b60afad elementor-widget elementor-widget-button\" data-id=\"b60afad\" data-element_type=\"widget\" data-widget_type=\"button.default\">\n\t\t\t\t<div class=\"elementor-widget-container\">\n\t\t\t\t\t\t\t\t\t<div class=\"elementor-button-wrapper\">\n\t\t\t\t\t<a class=\"elementor-button elementor-button-link elementor-size-sm\" href=\"https:\/\/debabarrenaturismo.com\/fr\/planifiez-votre-voyage\/ou-dormir\/\">\n\t\t\t\t\t\t<span class=\"elementor-button-content-wrapper\">\n\t\t\t\t\t\t\t\t\t<span class=\"elementor-button-text\">Plus d'informations<\/span>\n\t\t\t\t\t<\/span>\n\t\t\t\t\t<\/a>\n\t\t\t\t<\/div>\n\t\t\t\t\t\t\t\t<\/div>\n\t\t\t\t<\/div>\n\t\t\t\t<\/div>\n\t\t\t\t<\/div>\n\t\t<div class=\"elementor-element elementor-element-039d39a e-con-full e-flex e-con e-child\" data-id=\"039d39a\" data-element_type=\"container\">\n\t\t<div class=\"elementor-element elementor-element-b038a20 e-con-full e-flex e-con e-child\" data-id=\"b038a20\" data-element_type=\"container\">\n\t\t\t\t<div class=\"elementor-element elementor-element-0662e96 elementor-widget elementor-widget-heading\" data-id=\"0662e96\" data-element_type=\"widget\" data-widget_type=\"heading.default\">\n\t\t\t\t<div class=\"elementor-widget-container\">\n\t\t\t\t\t<h2 class=\"elementor-heading-title elementor-size-default\">O\u00f9 manger?<\/h2>\t\t\t\t<\/div>\n\t\t\t\t<\/div>\n\t\t\t\t<div class=\"elementor-element elementor-element-cb24cef elementor-widget elementor-widget-text-editor\" data-id=\"cb24cef\" data-element_type=\"widget\" data-widget_type=\"text-editor.default\">\n\t\t\t\t<div class=\"elementor-widget-container\">\n\t\t\t\t\t\t\t\t\t<p>Tout au long de l&rsquo;ann\u00e9e, notre r\u00e9gion propose diff\u00e9rents produits et \u00e9v\u00e9nements gastronomiques pour ravir le palais et, par cons\u00e9quent, des restaurants o\u00f9 l&rsquo;on peut vivre des exp\u00e9riences culinaires uniques.<\/p>\t\t\t\t\t\t\t\t<\/div>\n\t\t\t\t<\/div>\n\t\t\t\t<div class=\"elementor-element elementor-element-779f2d7 elementor-widget elementor-widget-button\" data-id=\"779f2d7\" data-element_type=\"widget\" data-widget_type=\"button.default\">\n\t\t\t\t<div class=\"elementor-widget-container\">\n\t\t\t\t\t\t\t\t\t<div class=\"elementor-button-wrapper\">\n\t\t\t\t\t<a class=\"elementor-button elementor-button-link elementor-size-sm\" href=\"https:\/\/debabarrenaturismo.com\/fr\/planifiez-votre-voyage\/ou-manger\/\">\n\t\t\t\t\t\t<span class=\"elementor-button-content-wrapper\">\n\t\t\t\t\t\t\t\t\t<span class=\"elementor-button-text\">Plus d'informations<\/span>\n\t\t\t\t\t<\/span>\n\t\t\t\t\t<\/a>\n\t\t\t\t<\/div>\n\t\t\t\t\t\t\t\t<\/div>\n\t\t\t\t<\/div>\n\t\t\t\t<\/div>\n\t\t\t\t<\/div>\n\t\t\t\t\t<\/div>\n\t\t\t\t<\/div>\n\t\t\t\t<\/div>\n\t\t","protected":false},"excerpt":{"rendered":"<p>Debabarrena Contactez-nous Si vous souhaitez nous consulter, vous pouvez nous envoyer ce formulaire ou nous envoyer un message turismoa@debegesa.eus Continuez\u00e0 planifier votre voyage&#8230; Comment y arriver?<span class=\"excerpt-hellip\"> [\u2026]<\/span><\/p>\n","protected":false},"author":2,"featured_media":6430,"parent":0,"menu_order":0,"comment_status":"closed","ping_status":"closed","template":"elementor_header_footer","meta":{"_acf_changed":false,"footnotes":""},"class_list":["post-12520","page","type-page","status-publish","has-post-thumbnail","hentry"],"acf":[],"yoast_head":"<!-- This site is optimized with the Yoast SEO plugin v26.0 - https:\/\/yoast.com\/wordpress\/plugins\/seo\/ -->\n<title>Contact - Debabarrena Turismo<\/title>\n<meta name=\"robots\" content=\"index, follow, max-snippet:-1, max-image-preview:large, max-video-preview:-1\" \/>\n<link rel=\"canonical\" href=\"https:\/\/debabarrenaturismo.com\/fr\/contact-nous\/\" \/>\n<meta property=\"og:locale\" content=\"fr_FR\" \/>\n<meta property=\"og:type\" content=\"article\" \/>\n<meta property=\"og:title\" content=\"Contact - Debabarrena Turismo\" \/>\n<meta property=\"og:description\" content=\"Debabarrena Contactez-nous Si vous souhaitez nous consulter, vous pouvez nous envoyer ce formulaire ou nous envoyer un message turismoa@debegesa.eus Continuez\u00e0 planifier votre voyage&#8230; Comment y arriver? [\u2026]\" \/>\n<meta property=\"og:url\" content=\"https:\/\/debabarrenaturismo.com\/fr\/contact-nous\/\" \/>\n<meta property=\"og:site_name\" content=\"Debabarrena Turismo\" \/>\n<meta property=\"article:publisher\" content=\"https:\/\/www.facebook.com\/DebabarrenaTurismo\" \/>\n<meta property=\"article:modified_time\" content=\"2025-03-03T12:43:29+00:00\" \/>\n<meta property=\"og:image\" content=\"https:\/\/debabarrenaturismo.com\/wp-content\/uploads\/2024\/11\/21455703Master.jpg\" \/>\n\t<meta property=\"og:image:width\" content=\"1382\" \/>\n\t<meta property=\"og:image:height\" content=\"922\" \/>\n\t<meta property=\"og:image:type\" content=\"image\/jpeg\" \/>\n<meta name=\"twitter:card\" content=\"summary_large_image\" \/>\n<meta name=\"twitter:site\" content=\"@DebabarrenaTur\" \/>\n<meta name=\"twitter:label1\" content=\"Dur\u00e9e de lecture estim\u00e9e\" \/>\n\t<meta name=\"twitter:data1\" content=\"1 minute\" \/>\n<script type=\"application\/ld+json\" class=\"yoast-schema-graph\">{\"@context\":\"https:\/\/schema.org\",\"@graph\":[{\"@type\":\"WebPage\",\"@id\":\"https:\/\/debabarrenaturismo.com\/fr\/contact-nous\/\",\"url\":\"https:\/\/debabarrenaturismo.com\/fr\/contact-nous\/\",\"name\":\"Contact - Debabarrena Turismo\",\"isPartOf\":{\"@id\":\"https:\/\/debabarrenaturismo.com\/fr\/#website\"},\"primaryImageOfPage\":{\"@id\":\"https:\/\/debabarrenaturismo.com\/fr\/contact-nous\/#primaryimage\"},\"image\":{\"@id\":\"https:\/\/debabarrenaturismo.com\/fr\/contact-nous\/#primaryimage\"},\"thumbnailUrl\":\"https:\/\/debabarrenaturismo.com\/wp-content\/uploads\/2024\/11\/21455703Master.jpg\",\"datePublished\":\"2025-02-04T15:19:48+00:00\",\"dateModified\":\"2025-03-03T12:43:29+00:00\",\"breadcrumb\":{\"@id\":\"https:\/\/debabarrenaturismo.com\/fr\/contact-nous\/#breadcrumb\"},\"inLanguage\":\"fr-FR\",\"potentialAction\":[{\"@type\":\"ReadAction\",\"target\":[\"https:\/\/debabarrenaturismo.com\/fr\/contact-nous\/\"]}]},{\"@type\":\"ImageObject\",\"inLanguage\":\"fr-FR\",\"@id\":\"https:\/\/debabarrenaturismo.com\/fr\/contact-nous\/#primaryimage\",\"url\":\"https:\/\/debabarrenaturismo.com\/wp-content\/uploads\/2024\/11\/21455703Master.jpg\",\"contentUrl\":\"https:\/\/debabarrenaturismo.com\/wp-content\/uploads\/2024\/11\/21455703Master.jpg\",\"width\":1382,\"height\":922},{\"@type\":\"BreadcrumbList\",\"@id\":\"https:\/\/debabarrenaturismo.com\/fr\/contact-nous\/#breadcrumb\",\"itemListElement\":[{\"@type\":\"ListItem\",\"position\":1,\"name\":\"Portada\",\"item\":\"https:\/\/debabarrenaturismo.com\/\"},{\"@type\":\"ListItem\",\"position\":2,\"name\":\"Contact\"}]},{\"@type\":\"WebSite\",\"@id\":\"https:\/\/debabarrenaturismo.com\/fr\/#website\",\"url\":\"https:\/\/debabarrenaturismo.com\/fr\/\",\"name\":\"Debabarrena Turismo\",\"description\":\"\",\"publisher\":{\"@id\":\"https:\/\/debabarrenaturismo.com\/fr\/#organization\"},\"potentialAction\":[{\"@type\":\"SearchAction\",\"target\":{\"@type\":\"EntryPoint\",\"urlTemplate\":\"https:\/\/debabarrenaturismo.com\/fr\/?s={search_term_string}\"},\"query-input\":{\"@type\":\"PropertyValueSpecification\",\"valueRequired\":true,\"valueName\":\"search_term_string\"}}],\"inLanguage\":\"fr-FR\"},{\"@type\":\"Organization\",\"@id\":\"https:\/\/debabarrenaturismo.com\/fr\/#organization\",\"name\":\"Debabarrena Turismo\",\"url\":\"https:\/\/debabarrenaturismo.com\/fr\/\",\"logo\":{\"@type\":\"ImageObject\",\"inLanguage\":\"fr-FR\",\"@id\":\"https:\/\/debabarrenaturismo.com\/fr\/#\/schema\/logo\/image\/\",\"url\":\"https:\/\/debabarrenaturismo.com\/wp-content\/uploads\/2024\/10\/logo-azul.png\",\"contentUrl\":\"https:\/\/debabarrenaturismo.com\/wp-content\/uploads\/2024\/10\/logo-azul.png\",\"width\":158,\"height\":66,\"caption\":\"Debabarrena Turismo\"},\"image\":{\"@id\":\"https:\/\/debabarrenaturismo.com\/fr\/#\/schema\/logo\/image\/\"},\"sameAs\":[\"https:\/\/www.facebook.com\/DebabarrenaTurismo\",\"https:\/\/x.com\/DebabarrenaTur\",\"https:\/\/www.instagram.com\/debabarrenatur\/\",\"https:\/\/www.youtube.com\/@debabarrenaturismo\"]}]}<\/script>\n<!-- \/ Yoast SEO plugin. -->","yoast_head_json":{"title":"Contact - Debabarrena Turismo","robots":{"index":"index","follow":"follow","max-snippet":"max-snippet:-1","max-image-preview":"max-image-preview:large","max-video-preview":"max-video-preview:-1"},"canonical":"https:\/\/debabarrenaturismo.com\/fr\/contact-nous\/","og_locale":"fr_FR","og_type":"article","og_title":"Contact - Debabarrena Turismo","og_description":"Debabarrena Contactez-nous Si vous souhaitez nous consulter, vous pouvez nous envoyer ce formulaire ou nous envoyer un message turismoa@debegesa.eus Continuez\u00e0 planifier votre voyage&#8230; Comment y arriver? [\u2026]","og_url":"https:\/\/debabarrenaturismo.com\/fr\/contact-nous\/","og_site_name":"Debabarrena Turismo","article_publisher":"https:\/\/www.facebook.com\/DebabarrenaTurismo","article_modified_time":"2025-03-03T12:43:29+00:00","og_image":[{"width":1382,"height":922,"url":"https:\/\/debabarrenaturismo.com\/wp-content\/uploads\/2024\/11\/21455703Master.jpg","type":"image\/jpeg"}],"twitter_card":"summary_large_image","twitter_site":"@DebabarrenaTur","twitter_misc":{"Dur\u00e9e de lecture estim\u00e9e":"1 minute"},"schema":{"@context":"https:\/\/schema.org","@graph":[{"@type":"WebPage","@id":"https:\/\/debabarrenaturismo.com\/fr\/contact-nous\/","url":"https:\/\/debabarrenaturismo.com\/fr\/contact-nous\/","name":"Contact - Debabarrena Turismo","isPartOf":{"@id":"https:\/\/debabarrenaturismo.com\/fr\/#website"},"primaryImageOfPage":{"@id":"https:\/\/debabarrenaturismo.com\/fr\/contact-nous\/#primaryimage"},"image":{"@id":"https:\/\/debabarrenaturismo.com\/fr\/contact-nous\/#primaryimage"},"thumbnailUrl":"https:\/\/debabarrenaturismo.com\/wp-content\/uploads\/2024\/11\/21455703Master.jpg","datePublished":"2025-02-04T15:19:48+00:00","dateModified":"2025-03-03T12:43:29+00:00","breadcrumb":{"@id":"https:\/\/debabarrenaturismo.com\/fr\/contact-nous\/#breadcrumb"},"inLanguage":"fr-FR","potentialAction":[{"@type":"ReadAction","target":["https:\/\/debabarrenaturismo.com\/fr\/contact-nous\/"]}]},{"@type":"ImageObject","inLanguage":"fr-FR","@id":"https:\/\/debabarrenaturismo.com\/fr\/contact-nous\/#primaryimage","url":"https:\/\/debabarrenaturismo.com\/wp-content\/uploads\/2024\/11\/21455703Master.jpg","contentUrl":"https:\/\/debabarrenaturismo.com\/wp-content\/uploads\/2024\/11\/21455703Master.jpg","width":1382,"height":922},{"@type":"BreadcrumbList","@id":"https:\/\/debabarrenaturismo.com\/fr\/contact-nous\/#breadcrumb","itemListElement":[{"@type":"ListItem","position":1,"name":"Portada","item":"https:\/\/debabarrenaturismo.com\/"},{"@type":"ListItem","position":2,"name":"Contact"}]},{"@type":"WebSite","@id":"https:\/\/debabarrenaturismo.com\/fr\/#website","url":"https:\/\/debabarrenaturismo.com\/fr\/","name":"Debabarrena Turismo","description":"","publisher":{"@id":"https:\/\/debabarrenaturismo.com\/fr\/#organization"},"potentialAction":[{"@type":"SearchAction","target":{"@type":"EntryPoint","urlTemplate":"https:\/\/debabarrenaturismo.com\/fr\/?s={search_term_string}"},"query-input":{"@type":"PropertyValueSpecification","valueRequired":true,"valueName":"search_term_string"}}],"inLanguage":"fr-FR"},{"@type":"Organization","@id":"https:\/\/debabarrenaturismo.com\/fr\/#organization","name":"Debabarrena Turismo","url":"https:\/\/debabarrenaturismo.com\/fr\/","logo":{"@type":"ImageObject","inLanguage":"fr-FR","@id":"https:\/\/debabarrenaturismo.com\/fr\/#\/schema\/logo\/image\/","url":"https:\/\/debabarrenaturismo.com\/wp-content\/uploads\/2024\/10\/logo-azul.png","contentUrl":"https:\/\/debabarrenaturismo.com\/wp-content\/uploads\/2024\/10\/logo-azul.png","width":158,"height":66,"caption":"Debabarrena Turismo"},"image":{"@id":"https:\/\/debabarrenaturismo.com\/fr\/#\/schema\/logo\/image\/"},"sameAs":["https:\/\/www.facebook.com\/DebabarrenaTurismo","https:\/\/x.com\/DebabarrenaTur","https:\/\/www.instagram.com\/debabarrenatur\/","https:\/\/www.youtube.com\/@debabarrenaturismo"]}]}},"_links":{"self":[{"href":"https:\/\/debabarrenaturismo.com\/fr\/wp-json\/wp\/v2\/pages\/12520","targetHints":{"allow":["GET"]}}],"collection":[{"href":"https:\/\/debabarrenaturismo.com\/fr\/wp-json\/wp\/v2\/pages"}],"about":[{"href":"https:\/\/debabarrenaturismo.com\/fr\/wp-json\/wp\/v2\/types\/page"}],"author":[{"embeddable":true,"href":"https:\/\/debabarrenaturismo.com\/fr\/wp-json\/wp\/v2\/users\/2"}],"replies":[{"embeddable":true,"href":"https:\/\/debabarrenaturismo.com\/fr\/wp-json\/wp\/v2\/comments?post=12520"}],"version-history":[{"count":13,"href":"https:\/\/debabarrenaturismo.com\/fr\/wp-json\/wp\/v2\/pages\/12520\/revisions"}],"predecessor-version":[{"id":14577,"href":"https:\/\/debabarrenaturismo.com\/fr\/wp-json\/wp\/v2\/pages\/12520\/revisions\/14577"}],"wp:featuredmedia":[{"embeddable":true,"href":"https:\/\/debabarrenaturismo.com\/fr\/wp-json\/wp\/v2\/media\/6430"}],"wp:attachment":[{"href":"https:\/\/debabarrenaturismo.com\/fr\/wp-json\/wp\/v2\/media?parent=12520"}],"curies":[{"name":"wp","href":"https:\/\/api.w.org\/{rel}","templated":true}]}}